{"id":1775,"date":"2024-05-02T10:35:56","date_gmt":"2024-05-02T10:35:56","guid":{"rendered":"https:\/\/donation.coinsnap.org\/home\/"},"modified":"2026-03-23T10:04:50","modified_gmt":"2026-03-23T10:04:50","slug":"home","status":"publish","type":"page","link":"https:\/\/donation.coinsnap.org\/de\/","title":{"rendered":"HOME"},"content":{"rendered":"<div class=\"wpb-content-wrapper\">[vc_row full_width=&#8220;stretch_row&#8220; fullwidth=&#8220;yes&#8220; background_color=&#8220;#6393c7&#8243; css=&#8220;.vc_custom_1713527353394{margin-top: -50px !important;}&#8220;][vc_column][vc_empty_space height=&#8220;50&#8243;][vc_column_text css=&#8220;&#8220;]\n<h3 style=\"text-align: center;\"><span style=\"color: #ffffff;\" data-darkreader-inline-color=\"\">Demo-Seite: <span style=\"color: #f7a70a;\" data-darkreader-inline-color=\"\">Coinsnap Bitcoin-Spende<\/span> live ausprobieren<\/span><\/h3>\n[\/vc_column_text][vc_separator color=&#8220;custom&#8220; border_width=&#8220;5&#8243; el_width=&#8220;30&#8243; css=&#8220;.vc_custom_1739376717037{margin-top: -20px !important;}&#8220; accent_color=&#8220;#F7A70A&#8220;][vc_empty_space height=&#8220;20px&#8220;][vc_row_inner equal_height=&#8220;yes&#8220; content_placement=&#8220;middle&#8220;][vc_column_inner width=&#8220;1\/2&#8243;][vc_column_text css=&#8220;&#8220;]\n<h1><span style=\"color: #ffffff;\">Akzeptieren Sie Bitcoin mit dem<\/span> <span style=\"color: #f7a70a;\">Coinsnap Bitcoin-Spende<\/span> <span style=\"color: #ffffff;\">Plugin<\/span><\/h1>\n[\/vc_column_text][vc_column_text css=&#8220;&#8220;]\n<h3><span style=\"color: #ffffff;\" data-darkreader-inline-color=\"\">Mit diesem Plugin ist es ganz einfach, Bitcoin-Spenden auf jeder WordPress-Website zu akzeptieren! <\/span><\/h3>\n[\/vc_column_text][\/vc_column_inner][vc_column_inner width=&#8220;1\/2&#8243;][vc_single_image image=&#8220;1746&#8243; img_size=&#8220;medium&#8220; alignment=&#8220;center&#8220; css=&#8220;.vc_custom_1745407444159{padding-top: 30px !important;padding-right: 30px !important;padding-bottom: 30px !important;padding-left: 30px !important;background-color: #FFFFFF !important;}&#8220;][\/vc_column_inner][\/vc_row_inner][\/vc_column][\/vc_row][vc_row fullwidth=&#8220;yes&#8220; background_color=&#8220;#FFFFFF&#8220; css=&#8220;.vc_custom_1740678417997{margin-top: -20px !important;}&#8220;][vc_column][vc_empty_space height=&#8220;50px&#8220;][vc_column_text css=&#8220;&#8220;]Es gibt zwei M\u00f6glichkeiten, Bitcoin-Spenden anzunehmen. Eine ist die einfache Bitcoin-Spendenschaltfl\u00e4che, bei der der Spender den Betrag selbst eingibt.[\/vc_column_text][vc_column_text css=&#8220;&#8220;]Dann gibt es noch die Schaltfl\u00e4che f\u00fcr Bitcoin-Spenden mit mehreren Betr\u00e4gen. Hier hat der Spender die M\u00f6glichkeit, aus vorgeschlagenen Betr\u00e4gen zu w\u00e4hlen oder seinen eigenen Betrag festzulegen.[\/vc_column_text][vc_column_text css=&#8220;&#8220;]Als Betreiber der Website k\u00f6nnen Sie den Spender um weitere Informationen bitten. Zum Beispiel den Namen oder die E-Mail-Adresse des Spenders oder seine Adresse. Diese Funktion ist f\u00fcr die Bitcoin-Spendenschaltfl\u00e4che deaktiviert.<br \/>\nIn der Version f\u00fcr Bitcoin-Spenden mit mehreren Betr\u00e4gen haben wir die Anfrage nach weiteren Spenderinformationen aktiviert.  <\/p>\n<p>Beide Optionen finden Sie unten. Probieren Sie es einfach aus und spenden Sie ein paar Sats.[\/vc_column_text][vc_row_inner][vc_column_inner][vc_column_text css=&#8220;&#8220;]\n<h3 style=\"text-align: center;\"><span style=\"color: #6193c9;\" data-darkreader-inline-color=\"\">Bitcoin-Spenden-Schaltfl\u00e4che<\/span><\/h3>\n[\/vc_column_text][vc_column_text css=&#8220;&#8220;]\n<p style=\"text-align: center;\"><div class=\"coinsnap-donation-form-instance coinsnap-bitcoin-donation-form narrow-form coinsnap-bitcoin-donation-light-theme\"\n    data-form-id=\"1925\"\n    data-form-type=\"simple_donation\"\n    data-layout=\"NARROW\"\n    data-currency=\"EUR\"\n    data-default-amount=\"5\"\n    data-default-message=\"Vielen Dank f\u00fcr Ihre Unterst\u00fctzung!\"\n    data-redirect-url=\"https:\/\/donation.coinsnap.org\/de\/\">\n    <div id=\"coinsnap-bitcoin-donation-form-1925\" data-name=\"Mit Bitcoin spenden\" class=\"light-theme\">\n        <div class=\"coinsnap-bitcoin-donation-title-wrapper\">\n            <h3>Mit Bitcoin spenden<\/h3>\n            <select id=\"coinsnap-bitcoin-donation-swap-1925\" class=\"currency-swapper\" data-default-currency=\"EUR\"><option value=\"EUR\" data-rate=\"1575.8454410791\" selected='selected'>EUR<\/option><option value=\"USD\" data-rate=\"1337.84633497\">USD<\/option><option value=\"SATS\" data-rate=\"1\">SATS<\/option><option value=\"BTC\" data-rate=\"100000000\">BTC<\/option><option value=\"CAD\" data-rate=\"977.9721551768\">CAD<\/option><option value=\"JPY\" data-rate=\"8.3458200711298\">JPY<\/option><option value=\"GBP\" data-rate=\"1808.079584431\">GBP<\/option><option value=\"CHF\" data-rate=\"1708.2278502636\">CHF<\/option><option value=\"RUB\" data-rate=\"14.864959277444\">RUB<\/option>            <\/select>\n        <\/div>\n\n        <input type=\"hidden\" id=\"coinsnap-bitcoin-donation-email-1925\" name=\"bitcoin-email\" aria-hidden=\"true\">\n\n        <label for=\"coinsnap-bitcoin-donation-amount-1925\">Betrag<\/label>\n        <div class=\"amount-wrapper\">\n            <input type=\"text\" id=\"coinsnap-bitcoin-donation-amount-1925\">\n            <span class=\"donation-amount-currency\" id=\"coinsnap-bitcoin-donation-currency-label-1925\">EUR<\/span>\n            <div class=\"secondary-amount\">\n                <span id=\"coinsnap-bitcoin-donation-satoshi-1925\"><\/span>\n            <\/div>\n        <\/div>\n\n        <label for=\"coinsnap-bitcoin-donation-message-1925\">Nachricht:<\/label>\n        <textarea id=\"coinsnap-bitcoin-donation-message-1925\" class=\"coinsnap-bitcoin-donation-message\" rows=\"2\"><\/textarea>\n        <button id=\"coinsnap-bitcoin-donation-pay-1925\">Spenden<\/button>\n        <div id=\"coinsnap-bitcoin-donation-blur-overlay-1925\" class=\"blur-overlay coinsnap-bitcoin-donation\"><\/div>\n        \n<div id=\"coinsnap-bitcoin-donation-qr-container-1925\" class=\"qr-container coinsnap-bitcoin-donation\" data-public-donors=\"\">\n    <div class=\"close-popup\">&times;<\/div>\n    <div id=\"coinsnap-bitcoin-donation-public-donor-popup-1925\" class=\"public-donor-popup\">\n        <form class=\"public-donor-form\">\n            \n            \n            \n            \n            \n            <button type=\"submit\" id=\"coinsnap-bitcoin-donation-public-donors-pay-1925\">Mit Bitcoin bezahlen<\/button>\n        <\/form>\n    <\/div>\n    <div id=\"coinsnap-bitcoin-donation-payment-loading-1925\" class=\"payment-loading\">\n        <div class=\"loader qr-spinner\"><\/div>\n    <\/div>\n    <div id=\"coinsnap-bitcoin-donation-thank-you-popup-1925\" class=\"thank-you-popup\">\n        <img decoding=\"async\" class=\"checkmark-img\" alt=\"Checkmark\" src=\"https:\/\/donation.coinsnap.org\/wp-content\/plugins\/coinsnap-bitcoin-donation\/assets\/images\/checkmark.svg\">\n        <h3 style=\"margin: 10px 0 0 0;\">Ihre Zahlung war erfolgreich.<\/h3>\n    <\/div>\n<\/div>\n    <\/div>\n<\/div>\n\n[\/vc_column_text][\/vc_column_inner][\/vc_row_inner][\/vc_column][\/vc_row][vc_row fullwidth=&#8220;yes&#8220; background_color=&#8220;#FFFFFF&#8220; css=&#8220;.vc_custom_1740678417997{margin-top: -20px !important;}&#8220;][vc_column][vc_row_inner][vc_column_inner][vc_column_text css=&#8220;&#8220;]\n<h3 style=\"text-align: center;\"><span style=\"color: #6193c9;\" data-darkreader-inline-color=\"\">Schaltfl\u00e4che f\u00fcr Bitcoin-Spenden mit mehreren Betr\u00e4gen<\/span><\/h3>\n[\/vc_column_text][vc_column_text css=&#8220;&#8220;]\n<p style=\"text-align: center;\"><div class=\"coinsnap-donation-form-instance coinsnap-bitcoin-donation-form wide-form coinsnap-bitcoin-donation-light-theme\"\n    data-form-id=\"1926\"\n    data-form-type=\"multi_amount\"\n    data-layout=\"WIDE\"\n    data-currency=\"EUR\"\n    data-default-amount=\"5\"\n    data-default-message=\"Vielen Dank f\u00fcr Ihre Unterst\u00fctzung!\"\n    data-redirect-url=\"https:\/\/donation.coinsnap.org\/de\/\"\n    data-snap1=\"50\"\n    data-snap2=\"100\"\n    data-snap3=\"200\">\n    <div id=\"coinsnap-bitcoin-donation-multi-wide-1926\" data-name=\"Mit Bitcoin spenden\" class=\"light-theme\">\n\n\n        <div class=\"coinsnap-bitcoin-donation-multi-wide-wrapper\">\n            <div class=\"coinsnap-bitcoin-donation-title-wrapper\">\n                <h3>Mit Bitcoin spenden<\/h3>\n                <select id=\"coinsnap-bitcoin-donation-swap-multi-wide-1926\" class=\"currency-swapper\"><option value=\"EUR\" data-min=\"\" data-rate=\"1575.8454410791\" selected='selected'>EUR<\/option><option value=\"USD\" data-min=\"\" data-rate=\"1337.84633497\">USD<\/option><option value=\"SATS\" data-min=\"\" data-rate=\"1\">SATS<\/option><option value=\"BTC\" data-min=\"\" data-rate=\"100000000\">BTC<\/option><option value=\"CAD\" data-min=\"\" data-rate=\"977.9721551768\">CAD<\/option><option value=\"JPY\" data-min=\"\" data-rate=\"8.3458200711298\">JPY<\/option><option value=\"GBP\" data-min=\"\" data-rate=\"1808.079584431\">GBP<\/option><option value=\"CHF\" data-min=\"\" data-rate=\"1708.2278502636\">CHF<\/option><option value=\"RUB\" data-min=\"\" data-rate=\"14.864959277444\">RUB<\/option>                <\/select>\n            <\/div>\n\n            <input type=\"hidden\" id=\"coinsnap-bitcoin-donation-email-multi-wide-1926\" name=\"bitcoin-email\" aria-hidden=\"true\">\n\n            <div class=\"coinsnap-bitcoin-donation-wide-up\">\n                <div class=\"mulit-wide-label-left\">\n                    <label for=\"coinsnap-bitcoin-donation-amount-multi-wide-1926\">Betrag<\/label>\n                    <div class=\"amount-wrapper\">\n                        <input type=\"text\" id=\"coinsnap-bitcoin-donation-amount-multi-wide-1926\">\n                        <span class=\"donation-amount-currency\" id=\"coinsnap-bitcoin-donation-currency-label-multi-wide-1926\">EUR<\/span>\n                        <div class=\"secondary-amount\">\n                            <span id=\"coinsnap-bitcoin-donation-satoshi-multi-wide-1926\"><\/span>\n                        <\/div>\n                    <\/div>\n                <\/div>\n                <div class=\"mulit-wide-label-right\">\n\n                    <label for=\"coinsnap-bitcoin-donation-message-multi-wide-1926\">Nachricht:<\/label>\n                    <textarea id=\"coinsnap-bitcoin-donation-message-multi-wide-1926\" class=\"coinsnap-bitcoin-donation-message\" rows=\"1\"><\/textarea>\n                <\/div>\n\n            <\/div>\n\n            <div class=\"snap-title-container\">\n                <h4>W\u00e4hle einen Betrag aus<\/h4>\n\n            <\/div>\n            <div class=\"snap-container\">\n                <button id=\"coinsnap-bitcoin-donation-pay-multi-snap1-wide-1926\" class=\"snap-button\">\n                    <span id=\"coinsnap-bitcoin-donation-pay-multi-snap1-primary-wide-1926\" class=\"snap-primary-amount\" data-default-value=\"50\">\n                        50 EUR                    <\/span>\n                    <span id=\"coinsnap-bitcoin-donation-pay-multi-snap1-secondary-wide-1926\" class=\"snap-secondary-amount\"><\/span>\n                <\/button>\n                <button id=\"coinsnap-bitcoin-donation-pay-multi-snap2-wide-1926\" class=\"snap-button\">\n                    <span id=\"coinsnap-bitcoin-donation-pay-multi-snap2-primary-wide-1926\" class=\"snap-primary-amount\" data-default-value=\"100\">\n                        100 EUR                    <\/span>\n                    <span id=\"coinsnap-bitcoin-donation-pay-multi-snap2-secondary-wide-1926\" class=\"snap-secondary-amount\"><\/span>\n                <\/button>\n                <button id=\"coinsnap-bitcoin-donation-pay-multi-snap3-wide-1926\" class=\"snap-button\">\n                    <span id=\"coinsnap-bitcoin-donation-pay-multi-snap3-primary-wide-1926\" class=\"snap-primary-amount\" data-default-value=\"200\">\n                        200 EUR                    <\/span>\n                    <span id=\"coinsnap-bitcoin-donation-pay-multi-snap3-secondary-wide-1926\" class=\"snap-secondary-amount\"><\/span>\n                <\/button>\n            <\/div>\n\n            <button class=\"multi-wide-button\" id=\"coinsnap-bitcoin-donation-pay-multi-wide-1926\">Spenden<\/button>\n        <\/div>\n        <div id=\"coinsnap-bitcoin-donation-blur-overlay-multi-wide-1926\" class=\"blur-overlay coinsnap-bitcoin-donation\"><\/div>\n        \n<div id=\"coinsnap-bitcoin-donation-qr-container-multi-wide-1926\" class=\"qr-container coinsnap-bitcoin-donation\" data-public-donors=\"\">\n    <div class=\"close-popup\">&times;<\/div>\n    <div id=\"coinsnap-bitcoin-donation-public-donor-popup-multi-wide-1926\" class=\"public-donor-popup\">\n        <form class=\"public-donor-form\">\n            \n            \n            \n            \n            \n            <button type=\"submit\" id=\"coinsnap-bitcoin-donation-public-donors-pay-multi-wide-1926\">Mit Bitcoin bezahlen<\/button>\n        <\/form>\n    <\/div>\n    <div id=\"coinsnap-bitcoin-donation-payment-loading-multi-wide-1926\" class=\"payment-loading\">\n        <div class=\"loader qr-spinner\"><\/div>\n    <\/div>\n    <div id=\"coinsnap-bitcoin-donation-thank-you-popup-multi-wide-1926\" class=\"thank-you-popup\">\n        <img decoding=\"async\" class=\"checkmark-img\" alt=\"Checkmark\" src=\"https:\/\/donation.coinsnap.org\/wp-content\/plugins\/coinsnap-bitcoin-donation\/assets\/images\/checkmark.svg\">\n        <h3 style=\"margin: 10px 0 0 0;\">Ihre Zahlung war erfolgreich.<\/h3>\n    <\/div>\n<\/div>\n    <\/div>\n<\/div>\n\n[\/vc_column_text][\/vc_column_inner][\/vc_row_inner][\/vc_column][\/vc_row][vc_row][vc_column][vc_column_text css=&#8220;&#8220;]Sie haben den Bitcoin Donation Button bereits in der breiten Version gesehen. Sie k\u00f6nnen den Bitcoin Donation Button auch als Box verwenden und ihn dann z.B. in die Fu\u00dfzeile Ihrer WordPress-Seite integrieren. Gehen Sie zur Fu\u00dfzeile dieser Seite, um zu sehen, wie das aussehen k\u00f6nnte.[\/vc_column_text][\/vc_column][\/vc_row][vc_row css=&#8220;.vc_custom_1744889739717{margin-bottom: -70px !important;}&#8220;][vc_column][vc_empty_space height=&#8220;100px&#8220;][vc_column_text css=&#8220;&#8220;]\n<h3 style=\"text-align: center;\"><span style=\"color: #6193c9;\" data-darkreader-inline-color=\"\">Akzeptieren Sie Bitcoin-Spenden mit Coinsnap Bitcoin Donation<\/span><\/h3>\n[\/vc_column_text][vc_separator color=&#8220;custom&#8220; border_width=&#8220;3&#8243; el_width=&#8220;30&#8243; css=&#8220;.vc_custom_1739376754805{margin-top: -20px !important;}&#8220; accent_color=&#8220;#F7A70A&#8220;][vc_empty_space height=&#8220;20px&#8220;][vc_row_inner][vc_column_inner width=&#8220;1\/3&#8243;][vc_btn title=&#8220;Beschreibung: Coinsnap Bitcoin Spende&#8220; color=&#8220;primary&#8220; size=&#8220;lg&#8220; align=&#8220;center&#8220; i_icon_fontawesome=&#8220;fa fa-solid fa-circle-info&#8220; css=&#8220;&#8220; button_block=&#8220;true&#8220; add_icon=&#8220;true&#8220; link=&#8220;url:https%3A%2F%2Fcoinsnap.io%2Fcoinsnap-bitcoin-donation-plugin%2F|target:_blank|&#8220;][\/vc_column_inner][vc_column_inner width=&#8220;1\/3&#8243;][vc_btn title=&#8220;Wordpress: Coinsnap Bitcoin Spende&#8220; color=&#8220;primary&#8220; size=&#8220;lg&#8220; align=&#8220;center&#8220; i_icon_fontawesome=&#8220;fa fa-brands fa-wordpress-simple&#8220; css=&#8220;&#8220; button_block=&#8220;true&#8220; add_icon=&#8220;true&#8220; link=&#8220;url:https%3A%2F%2Fwordpress.org%2Fplugins%2Fcoinsnap-bitcoin-donation%2F|target:_blank|&#8220;][\/vc_column_inner][vc_column_inner width=&#8220;1\/3&#8243;][vc_btn title=&#8220;Schritt-f\u00fcr-Schritt-Installationsanleitung&#8220; color=&#8220;primary&#8220; size=&#8220;lg&#8220; align=&#8220;center&#8220; i_icon_fontawesome=&#8220;fa fa-solid fa-screwdriver-wrench&#8220; css=&#8220;&#8220; button_block=&#8220;true&#8220; add_icon=&#8220;true&#8220; link=&#8220;url:https%3A%2F%2Fcoinsnap.io%2Fcoinsnap-bitcoin-donation-installation-guide%2F|target:_blank|&#8220;][\/vc_column_inner][\/vc_row_inner][vc_empty_space height=&#8220;20px&#8220;][vc_row_inner][vc_column_inner width=&#8220;1\/2&#8243;][vc_btn title=&#8220;Melde dich jetzt bei Coinsnap an!&#8220; color=&#8220;warning&#8220; size=&#8220;lg&#8220; align=&#8220;right&#8220; i_icon_fontawesome=&#8220;&#8220; css=&#8220;&#8220; add_icon=&#8220;true&#8220; link=&#8220;url:https%3A%2F%2Fapp.coinsnap.io%2Fregister|target:_blank|&#8220;][\/vc_column_inner][vc_column_inner width=&#8220;1\/2&#8243;][vc_btn title=&#8220;Vereinbare einen Beratungstermin!&#8220; color=&#8220;warning&#8220; size=&#8220;lg&#8220; align=&#8220;left&#8220; i_icon_fontawesome=&#8220;&#8220; css=&#8220;&#8220; add_icon=&#8220;true&#8220; link=&#8220;url:https%3A%2F%2Fmeetings-eu1.hubspot.com%2Fcoinsnap|target:_blank|&#8220;][\/vc_column_inner][\/vc_row_inner][vc_empty_space height=&#8220;100px&#8220;][\/vc_column][\/vc_row]\n<\/div>","protected":false},"excerpt":{"rendered":"<p>[vc_row full_width=&#8220;stretch_row&#8220; fullwidth=&#8220;yes&#8220; background_color=&#8220;#6393c7&#8243; css=&#8220;.vc_custom_1713527353394{margin-top: -50px !important;}&#8220;][vc_column][vc_empty_space height=&#8220;50&#8243;][vc_column_text css=&#8220;&#8220;] Demo-Seite: Coinsnap Bitcoin-Spende live ausprobieren [\/vc_column_text][vc_separator color=&#8220;custom&#8220; border_width=&#8220;5&#8243; el_width=&#8220;30&#8243; css=&#8220;.vc_custom_1739376717037{margin-top: -20px [&hellip;]<\/p>\n","protected":false},"author":1,"featured_media":0,"parent":0,"menu_order":0,"comment_status":"closed","ping_status":"closed","template":"","meta":{"footnotes":""},"class_list":["post-1775","page","type-page","status-publish","hentry"],"_links":{"self":[{"href":"https:\/\/donation.coinsnap.org\/de\/wp-json\/wp\/v2\/pages\/1775","targetHints":{"allow":["GET"]}}],"collection":[{"href":"https:\/\/donation.coinsnap.org\/de\/wp-json\/wp\/v2\/pages"}],"about":[{"href":"https:\/\/donation.coinsnap.org\/de\/wp-json\/wp\/v2\/types\/page"}],"author":[{"embeddable":true,"href":"https:\/\/donation.coinsnap.org\/de\/wp-json\/wp\/v2\/users\/1"}],"replies":[{"embeddable":true,"href":"https:\/\/donation.coinsnap.org\/de\/wp-json\/wp\/v2\/comments?post=1775"}],"version-history":[{"count":9,"href":"https:\/\/donation.coinsnap.org\/de\/wp-json\/wp\/v2\/pages\/1775\/revisions"}],"predecessor-version":[{"id":1891,"href":"https:\/\/donation.coinsnap.org\/de\/wp-json\/wp\/v2\/pages\/1775\/revisions\/1891"}],"wp:attachment":[{"href":"https:\/\/donation.coinsnap.org\/de\/wp-json\/wp\/v2\/media?parent=1775"}],"curies":[{"name":"wp","href":"https:\/\/api.w.org\/{rel}","templated":true}]}}