{"id":1902,"date":"2024-05-02T10:35:56","date_gmt":"2024-05-02T10:35:56","guid":{"rendered":"https:\/\/donation.coinsnap.org\/inicio\/"},"modified":"2026-03-23T10:08:55","modified_gmt":"2026-03-23T10:08:55","slug":"inicio","status":"publish","type":"page","link":"https:\/\/donation.coinsnap.org\/es\/","title":{"rendered":"INICIO"},"content":{"rendered":"<div class=\"wpb-content-wrapper\">[vc_row full_width=\u00bbstretch_row\u00bb fullwidth=\u00bbyes\u00bb background_color=\u00bb#6393c7&#8243; css=\u00bb.vc_custom_1713527353394{margin-top: -50px !important;}\u00bb][vc_column][vc_empty_space height=\u00bb50&#8243;][vc_column_text css=\u00bb\u00bb]\n<h3 style=\"text-align: center;\"><span style=\"color: #ffffff;\" data-darkreader-inline-color=\"\">P\u00e1gina de demostraci\u00f3n: Prueba <span style=\"color: #f7a70a;\" data-darkreader-inline-color=\"\">la donaci\u00f3n de Bitcoin de Coinsnap<\/span> en directo<\/span><\/h3>\n[\/vc_column_text][vc_separator color=\u00bbcustom\u00bb border_width=\u00bb5&#8243; el_width=\u00bb30&#8243; css=\u00bb.vc_custom_1739376717037{margin-top: -20px !important;}\u00bb accent_color=\u00bb#F7A70A\u00bb][vc_empty_space height=\u00bb20px\u00bb][vc_row_inner equal_height=\u00bbyes\u00bb content_placement=\u00bbmiddle\u00bb][vc_column_inner width=\u00bb1\/2&#8243;][vc_column_text css=\u00bb\u00bb]\n<h1><span style=\"color: #ffffff;\">Acepta donaciones Bitcoin con<\/span> <span style=\"color: #f7a70a;\">Donaci\u00f3n Bitcoin de Coinsnap<\/span> <span style=\"color: #ffffff;\">plugin<\/span><\/h1>\n[\/vc_column_text][vc_column_text css=\u00bb\u00bb]\n<h3><span style=\"color: #ffffff;\" data-darkreader-inline-color=\"\">Con este plugin, \u00a1es f\u00e1cil aceptar donaciones de Bitcoin en cualquier sitio web de WordPress!  <\/span><\/h3>\n[\/vc_column_text][\/vc_column_inner][vc_column_inner width=\u00bb1\/2&#8243;][vc_single_image image=\u00bb1746&#8243; img_size=\u00bbmedium\u00bb alignment=\u00bbcenter\u00bb css=\u00bb.vc_custom_1745407444159{padding-top: 30px !important;padding-right: 30px !important;padding-bottom: 30px !important;padding-left: 30px !important;background-color: #FFFFFF !important;}\u00bb][\/vc_column_inner][\/vc_row_inner][\/vc_column][\/vc_row][vc_row fullwidth=\u00bbyes\u00bb background_color=\u00bb#FFFFFF\u00bb css=\u00bb.vc_custom_1740678417997{margin-top: -20px !important;}\u00bb][vc_column][vc_empty_space height=\u00bb50px\u00bb][vc_column_text css=\u00bb\u00bb]Hay dos formas de aceptar donaciones de Bitcoin. Una es el simple bot\u00f3n de donaci\u00f3n de Bitcoin, en el que el donante introduce la cantidad \u00e9l mismo.[\/vc_column_text][vc_column_text css=\u00bb\u00bb]Tambi\u00e9n est\u00e1 el bot\u00f3n Bitcoin para donaciones Bitcoin con varios importes. Aqu\u00ed el donante tiene la opci\u00f3n de elegir entre las cantidades sugeridas o especificar su propia cantidad.[\/vc_column_text][vc_column_text css=\u00bb\u00bb]Como operador del sitio web, puedes pedir al donante m\u00e1s informaci\u00f3n. Por ejemplo, el nombre o la direcci\u00f3n de correo electr\u00f3nico del donante o su direcci\u00f3n. Esta funci\u00f3n est\u00e1 desactivada para el bot\u00f3n de donaci\u00f3n Bitcoin simple.<br \/>\nEn la versi\u00f3n para donaciones Bitcoin con importes m\u00faltiples, hemos activado la solicitud de m\u00e1s informaci\u00f3n del donante.    <\/p>\n<p>Puedes encontrar ambas opciones a continuaci\u00f3n. Pru\u00e9balo y dona unas cuantas sats.[\/vc_column_text][vc_row_inner][vc_column_inner][vc_column_text css=\u00bb\u00bb]\n<h3 style=\"text-align: center;\"><span style=\"color: #6193c9;\" data-darkreader-inline-color=\"\">Bot\u00f3n de donaci\u00f3n Bitcoin<\/span><\/h3>\n[\/vc_column_text][vc_column_text css=\u00bb\u00bb]\n<p style=\"text-align: center;\">\n[\/vc_column_text][\/vc_column_inner][\/vc_row_inner][\/vc_column][\/vc_row][vc_row fullwidth=\u00bbyes\u00bb background_color=\u00bb#FFFFFF\u00bb css=\u00bb.vc_custom_1740678417997{margin-top: -20px !important;}\u00bb][vc_column][vc_row_inner][vc_column_inner][vc_column_text css=\u00bb\u00bb]\n<h3 style=\"text-align: center;\"><span style=\"color: #6193c9;\" data-darkreader-inline-color=\"\">Bot\u00f3n para donaciones Bitcoin con varios importes<\/span><\/h3>\n[\/vc_column_text][vc_column_text css=\u00bb\u00bb]\n<p style=\"text-align: center;\"><div class=\"coinsnap-donation-form-instance coinsnap-bitcoin-donation-form wide-form coinsnap-bitcoin-donation-light-theme\"\n    data-form-id=\"1926\"\n    data-form-type=\"multi_amount\"\n    data-layout=\"WIDE\"\n    data-currency=\"EUR\"\n    data-default-amount=\"5\"\n    data-default-message=\"Thank you for your support!\"\n    data-redirect-url=\"https:\/\/donation.coinsnap.org\/es\/\"\n    data-snap1=\"50\"\n    data-snap2=\"100\"\n    data-snap3=\"200\">\n    <div id=\"coinsnap-bitcoin-donation-multi-wide-1926\" data-name=\"Donate with Bitcoin\" class=\"light-theme\">\n\n\n        <div class=\"coinsnap-bitcoin-donation-multi-wide-wrapper\">\n            <div class=\"coinsnap-bitcoin-donation-title-wrapper\">\n                <h3>Donate with Bitcoin<\/h3>\n                <select id=\"coinsnap-bitcoin-donation-swap-multi-wide-1926\" class=\"currency-swapper\"><option value=\"EUR\" data-min=\"\" data-rate=\"1536.5491257804\" selected='selected'>EUR<\/option><option value=\"USD\" data-min=\"\" data-rate=\"1310.4150477581\">USD<\/option><option value=\"SATS\" data-min=\"\" data-rate=\"1\">SATS<\/option><option value=\"BTC\" data-min=\"\" data-rate=\"100000000\">BTC<\/option><option value=\"CAD\" data-min=\"\" data-rate=\"964.84211806001\">CAD<\/option><option value=\"JPY\" data-min=\"\" data-rate=\"8.3458319121077\">JPY<\/option><option value=\"GBP\" data-min=\"\" data-rate=\"1782.1912754608\">GBP<\/option><option value=\"CHF\" data-min=\"\" data-rate=\"1677.1207191494\">CHF<\/option><option value=\"RUB\" data-min=\"\" data-rate=\"14.560167197312\">RUB<\/option>                <\/select>\n            <\/div>\n\n            <input type=\"hidden\" id=\"coinsnap-bitcoin-donation-email-multi-wide-1926\" name=\"bitcoin-email\" aria-hidden=\"true\">\n\n            <div class=\"coinsnap-bitcoin-donation-wide-up\">\n                <div class=\"mulit-wide-label-left\">\n                    <label for=\"coinsnap-bitcoin-donation-amount-multi-wide-1926\">Amount<\/label>\n                    <div class=\"amount-wrapper\">\n                        <input type=\"text\" id=\"coinsnap-bitcoin-donation-amount-multi-wide-1926\">\n                        <span class=\"donation-amount-currency\" id=\"coinsnap-bitcoin-donation-currency-label-multi-wide-1926\">EUR<\/span>\n                        <div class=\"secondary-amount\">\n                            <span id=\"coinsnap-bitcoin-donation-satoshi-multi-wide-1926\"><\/span>\n                        <\/div>\n                    <\/div>\n                <\/div>\n                <div class=\"mulit-wide-label-right\">\n\n                    <label for=\"coinsnap-bitcoin-donation-message-multi-wide-1926\">Message:<\/label>\n                    <textarea id=\"coinsnap-bitcoin-donation-message-multi-wide-1926\" class=\"coinsnap-bitcoin-donation-message\" rows=\"1\"><\/textarea>\n                <\/div>\n\n            <\/div>\n\n            <div class=\"snap-title-container\">\n                <h4>Choose an amount<\/h4>\n\n            <\/div>\n            <div class=\"snap-container\">\n                <button id=\"coinsnap-bitcoin-donation-pay-multi-snap1-wide-1926\" class=\"snap-button\">\n                    <span id=\"coinsnap-bitcoin-donation-pay-multi-snap1-primary-wide-1926\" class=\"snap-primary-amount\" data-default-value=\"50\">\n                        50 EUR                    <\/span>\n                    <span id=\"coinsnap-bitcoin-donation-pay-multi-snap1-secondary-wide-1926\" class=\"snap-secondary-amount\"><\/span>\n                <\/button>\n                <button id=\"coinsnap-bitcoin-donation-pay-multi-snap2-wide-1926\" class=\"snap-button\">\n                    <span id=\"coinsnap-bitcoin-donation-pay-multi-snap2-primary-wide-1926\" class=\"snap-primary-amount\" data-default-value=\"100\">\n                        100 EUR                    <\/span>\n                    <span id=\"coinsnap-bitcoin-donation-pay-multi-snap2-secondary-wide-1926\" class=\"snap-secondary-amount\"><\/span>\n                <\/button>\n                <button id=\"coinsnap-bitcoin-donation-pay-multi-snap3-wide-1926\" class=\"snap-button\">\n                    <span id=\"coinsnap-bitcoin-donation-pay-multi-snap3-primary-wide-1926\" class=\"snap-primary-amount\" data-default-value=\"200\">\n                        200 EUR                    <\/span>\n                    <span id=\"coinsnap-bitcoin-donation-pay-multi-snap3-secondary-wide-1926\" class=\"snap-secondary-amount\"><\/span>\n                <\/button>\n            <\/div>\n\n            <button class=\"multi-wide-button\" id=\"coinsnap-bitcoin-donation-pay-multi-wide-1926\">Donate<\/button>\n        <\/div>\n        <div id=\"coinsnap-bitcoin-donation-blur-overlay-multi-wide-1926\" class=\"blur-overlay coinsnap-bitcoin-donation\"><\/div>\n        \n<div id=\"coinsnap-bitcoin-donation-qr-container-multi-wide-1926\" class=\"qr-container coinsnap-bitcoin-donation\" data-public-donors=\"\">\n    <div class=\"close-popup\">&times;<\/div>\n    <div id=\"coinsnap-bitcoin-donation-public-donor-popup-multi-wide-1926\" class=\"public-donor-popup\">\n        <form class=\"public-donor-form\">\n            \n            \n            \n            \n            \n            <button type=\"submit\" id=\"coinsnap-bitcoin-donation-public-donors-pay-multi-wide-1926\">Pay with Bitcoin<\/button>\n        <\/form>\n    <\/div>\n    <div id=\"coinsnap-bitcoin-donation-payment-loading-multi-wide-1926\" class=\"payment-loading\">\n        <div class=\"loader qr-spinner\"><\/div>\n    <\/div>\n    <div id=\"coinsnap-bitcoin-donation-thank-you-popup-multi-wide-1926\" class=\"thank-you-popup\">\n        <img decoding=\"async\" class=\"checkmark-img\" alt=\"Checkmark\" src=\"https:\/\/donation.coinsnap.org\/wp-content\/plugins\/coinsnap-bitcoin-donation\/assets\/images\/checkmark.svg\">\n        <h3 style=\"margin: 10px 0 0 0;\">Your payment was successful.<\/h3>\n    <\/div>\n<\/div>\n    <\/div>\n<\/div>\n\n[\/vc_column_text][\/vc_column_inner][\/vc_row_inner][\/vc_column][\/vc_row][vc_row][vc_column][vc_column_text css=\u00bb\u00bb]Ya has visto el Bot\u00f3n de Donaci\u00f3n Bitcoin en la versi\u00f3n ancha. Tambi\u00e9n puedes utilizar el Bot\u00f3n de Donaci\u00f3n Bitcoin como una caja e integrarlo en el pie de p\u00e1gina de tu sitio de WordPress, por ejemplo. Ve al pie de p\u00e1gina de esta p\u00e1gina para ver qu\u00e9 aspecto podr\u00eda tener.[\/vc_column_text][\/vc_column][\/vc_row][vc_row css=\u00bb.vc_custom_1744889739717{margin-bottom: -70px !important;}\u00bb][vc_column][vc_empty_space height=\u00bb100px\u00bb][vc_column_text css=\u00bb\u00bb]\n<h3 style=\"text-align: center;\"><span style=\"color: #6193c9;\" data-darkreader-inline-color=\"\">Acepta donaciones de Bitcoin con el plugin de WordPress Coinsnap Bitcoin Donation<\/span><\/h3>\n[\/vc_column_text][vc_separator color=\u00bbcustom\u00bb border_width=\u00bb3&#8243; el_width=\u00bb30&#8243; css=\u00bb.vc_custom_1739376754805{margin-top: -20px !important;}\u00bb accent_color=\u00bb#F7A70A\u00bb][vc_empty_space height=\u00bb20px\u00bb][vc_row_inner][vc_column_inner width=\u00bb1\/3&#8243;][vc_btn title=\u00bbDescripci\u00f3n: Donaci\u00f3n de Bitcoin Coinsnap\u00bb color=\u00bbprimary\u00bb size=\u00bblg\u00bb align=\u00bbcenter\u00bb i_icon_fontawesome=\u00bbfa fa-solid fa-circle-info\u00bb css=\u00bb\u00bb button_block=\u00bbtrue\u00bb add_icon=\u00bbtrue\u00bb link=\u00bburl:https%3A%2F%2Fcoinsnap.io%2Fcoinsnap-bitcoin-donation-plugin%2F|target:_blank|\u00bb][\/vc_column_inner][vc_column_inner width=\u00bb1\/3&#8243;][vc_btn title=\u00bbWordpress: Donaci\u00f3n de Bitcoin Coinsnap\u00bb color=\u00bbprimary\u00bb size=\u00bblg\u00bb align=\u00bbcenter\u00bb i_icon_fontawesome=\u00bbfa fa-brands fa-wordpress-simple\u00bb css=\u00bb\u00bb button_block=\u00bbtrue\u00bb add_icon=\u00bbtrue\u00bb link=\u00bburl:https%3A%2F%2Fwordpress.org%2Fplugins%2Fcoinsnap-bitcoin-donation%2F|target:_blank|\u00bb][\/vc_column_inner][vc_column_inner width=\u00bb1\/3&#8243;][vc_btn title=\u00bbInstrucciones de instalaci\u00f3n paso a paso\u00bb color=\u00bbprimary\u00bb size=\u00bblg\u00bb align=\u00bbcenter\u00bb i_icon_fontawesome=\u00bbfa fa-solid fa-screwdriver-wrench\u00bb css=\u00bb\u00bb button_block=\u00bbtrue\u00bb add_icon=\u00bbtrue\u00bb link=\u00bburl:https%3A%2F%2Fcoinsnap.io%2Fcoinsnap-bitcoin-donation-installation-guide%2F|target:_blank|\u00bb][\/vc_column_inner][\/vc_row_inner][vc_empty_space height=\u00bb20px\u00bb][vc_row_inner][vc_column_inner width=\u00bb1\/2&#8243;][vc_btn title=\u00bbReg\u00edstrate ahora en Coinsnap\u00bb color=\u00bbwarning\u00bb size=\u00bblg\u00bb align=\u00bbright\u00bb i_icon_fontawesome=\u00bb\u00bb css=\u00bb\u00bb add_icon=\u00bbtrue\u00bb link=\u00bburl:https%3A%2F%2Fapp.coinsnap.io%2Fregister|target:_blank|\u00bb][\/vc_column_inner][vc_column_inner width=\u00bb1\/2&#8243;][vc_btn title=\u00bb\u00a1Concierta una cita de consulta!\u00bb color=\u00bbwarning\u00bb size=\u00bblg\u00bb align=\u00bbleft\u00bb i_icon_fontawesome=\u00bb\u00bb css=\u00bb\u00bb add_icon=\u00bbtrue\u00bb link=\u00bburl:https%3A%2F%2Fmeetings-eu1.hubspot.com%2Fcoinsnap|target:_blank|\u00bb][\/vc_column_inner][\/vc_row_inner][vc_empty_space height=\u00bb100px\u00bb][\/vc_column][\/vc_row]\n<\/div>","protected":false},"excerpt":{"rendered":"<p>[vc_row full_width=\u00bbstretch_row\u00bb fullwidth=\u00bbyes\u00bb background_color=\u00bb#6393c7&#8243; css=\u00bb.vc_custom_1713527353394{margin-top: -50px !important;}\u00bb][vc_column][vc_empty_space height=\u00bb50&#8243;][vc_column_text css=\u00bb\u00bb] P\u00e1gina de demostraci\u00f3n: Prueba la donaci\u00f3n de Bitcoin de Coinsnap en [&hellip;]<\/p>\n","protected":false},"author":1,"featured_media":0,"parent":0,"menu_order":0,"comment_status":"closed","ping_status":"closed","template":"","meta":{"footnotes":""},"class_list":["post-1902","page","type-page","status-publish","hentry"],"_links":{"self":[{"href":"https:\/\/donation.coinsnap.org\/es\/wp-json\/wp\/v2\/pages\/1902","targetHints":{"allow":["GET"]}}],"collection":[{"href":"https:\/\/donation.coinsnap.org\/es\/wp-json\/wp\/v2\/pages"}],"about":[{"href":"https:\/\/donation.coinsnap.org\/es\/wp-json\/wp\/v2\/types\/page"}],"author":[{"embeddable":true,"href":"https:\/\/donation.coinsnap.org\/es\/wp-json\/wp\/v2\/users\/1"}],"replies":[{"embeddable":true,"href":"https:\/\/donation.coinsnap.org\/es\/wp-json\/wp\/v2\/comments?post=1902"}],"version-history":[{"count":2,"href":"https:\/\/donation.coinsnap.org\/es\/wp-json\/wp\/v2\/pages\/1902\/revisions"}],"predecessor-version":[{"id":1911,"href":"https:\/\/donation.coinsnap.org\/es\/wp-json\/wp\/v2\/pages\/1902\/revisions\/1911"}],"wp:attachment":[{"href":"https:\/\/donation.coinsnap.org\/es\/wp-json\/wp\/v2\/media?parent=1902"}],"curies":[{"name":"wp","href":"https:\/\/api.w.org\/{rel}","templated":true}]}}