{"id":1892,"date":"2024-05-02T10:35:56","date_gmt":"2024-05-02T10:35:56","guid":{"rendered":"https:\/\/donation.coinsnap.org\/home\/"},"modified":"2026-03-23T10:05:26","modified_gmt":"2026-03-23T10:05:26","slug":"home","status":"publish","type":"page","link":"https:\/\/donation.coinsnap.org\/fr\/","title":{"rendered":"HOME"},"content":{"rendered":"<div class=\"wpb-content-wrapper\">[vc_row full_width=\u00a0\u00bbstretch_row\u00a0\u00bb fullwidth=\u00a0\u00bbyes\u00a0\u00bb background_color=\u00a0\u00bb#6393c7&Prime; css=\u00a0\u00bb.vc_custom_1713527353394{margin-top: -50px !important;}\u00a0\u00bb][vc_column][vc_empty_space height=\u00a0\u00bb50&Prime;][vc_column_text css=\u00a0\u00bb\u00a0\u00bb]\n<h3 style=\"text-align: center;\"><span style=\"color: #ffffff;\" data-darkreader-inline-color=\"\">Site de d\u00e9monstration : essayer le <span style=\"color: #f7a70a;\" data-darkreader-inline-color=\"\">don de bitcoins<\/span> en direct <span style=\"color: #f7a70a;\" data-darkreader-inline-color=\"\">de Coinsnap<\/span> <\/span><\/h3>\n[\/vc_column_text][vc_separator color=\u00a0\u00bbcustom\u00a0\u00bb border_width=\u00a0\u00bb5&Prime; el_width=\u00a0\u00bb30&Prime; css=\u00a0\u00bb.vc_custom_1739376717037{margin-top: -20px !important;}\u00a0\u00bb accent_color=\u00a0\u00bb#F7A70A\u00a0\u00bb][vc_empty_space height=\u00a0\u00bb20px\u00a0\u00bb][vc_row_inner equal_height=\u00a0\u00bbyes\u00a0\u00bb content_placement=\u00a0\u00bbmiddle\u00a0\u00bb][vc_column_inner width=\u00a0\u00bb1\/2&Prime;][vc_column_text css=\u00a0\u00bb\u00a0\u00bb]\n<h1><span style=\"color: #ffffff;\">Accepter les dons en Bitcoin avec le<\/span> <span style=\"color: #f7a70a;\">Don de bitcoin Coinsnap<\/span> <span style=\"color: #ffffff;\">Plugin<\/span><\/h1>\n[\/vc_column_text][vc_column_text css=\u00a0\u00bb\u00a0\u00bb]\n<h3><span style=\"color: #ffffff;\" data-darkreader-inline-color=\"\">Avec ce plugin, il est tr\u00e8s facile d&rsquo;accepter les dons en bitcoins sur n&rsquo;importe quel site WordPress !  <\/span><\/h3>\n[\/vc_column_text][\/vc_column_inner][vc_column_inner width=\u00a0\u00bb1\/2&Prime;][vc_single_image image=\u00a0\u00bb1746&Prime; img_size=\u00a0\u00bbmedium\u00a0\u00bb alignment=\u00a0\u00bbcenter\u00a0\u00bb css=\u00a0\u00bb.vc_custom_1745407444159{padding-top: 30px !important;padding-right: 30px !important;padding-bottom: 30px !important;padding-left: 30px !important;background-color: #FFFFFF !important;}\u00a0\u00bb][\/vc_column_inner][\/vc_row_inner][\/vc_column][\/vc_row][vc_row fullwidth=\u00a0\u00bbyes\u00a0\u00bb background_color=\u00a0\u00bb#FFFFFF\u00a0\u00bb css=\u00a0\u00bb.vc_custom_1740678417997{margin-top: -20px !important;}\u00a0\u00bb][vc_column][vc_empty_space height=\u00a0\u00bb50px\u00a0\u00bb][vc_column_text css=\u00a0\u00bb\u00a0\u00bb]Il existe deux fa\u00e7ons d&rsquo;accepter les dons en bitcoins. L&rsquo;une est le simple bouton de don en Bitcoin, o\u00f9 le donateur saisit lui-m\u00eame le montant.[\/vc_column_text][vc_column_text css=\u00a0\u00bb\u00a0\u00bb]Ensuite, il y a le bouton Bitcoin pour les dons en bitcoins de plusieurs montants. Ici, le donateur a la possibilit\u00e9 de choisir parmi les montants propos\u00e9s ou de d\u00e9finir son propre montant.[\/vc_column_text][vc_column_text css=\u00a0\u00bb\u00a0\u00bb]En tant que gestionnaire du site, vous pouvez demander au donateur de vous fournir des informations suppl\u00e9mentaires. Par exemple, le nom ou l&rsquo;adresse e-mail du donateur ou son adresse. Cette fonction est d\u00e9sactiv\u00e9e pour le bouton de don simple en bitcoins.<br \/>\nDans la version pour les dons en bitcoins de plusieurs montants, nous avons activ\u00e9 la demande d&rsquo;informations suppl\u00e9mentaires sur le donateur.    <\/p>\n<p>Vous trouverez les deux options ci-dessous. Essayez-le et faites-nous un don de quelques sats.[\/vc_column_text][vc_row_inner][vc_column_inner][vc_column_text css=\u00a0\u00bb\u00a0\u00bb]\n<h3 style=\"text-align: center;\"><span style=\"color: #6193c9;\" data-darkreader-inline-color=\"\">Bouton de donation Bitcoin<\/span><\/h3>\n[\/vc_column_text][vc_column_text css=\u00a0\u00bb\u00a0\u00bb]\n<p style=\"text-align: center;\">\n[\/vc_column_text][\/vc_column_inner][\/vc_row_inner][\/vc_column][\/vc_row][vc_row fullwidth=\u00a0\u00bbyes\u00a0\u00bb background_color=\u00a0\u00bb#FFFFFF\u00a0\u00bb css=\u00a0\u00bb.vc_custom_1740678417997{margin-top: -20px !important;}\u00a0\u00bb][vc_column][vc_row_inner][vc_column_inner][vc_column_text css=\u00a0\u00bb\u00a0\u00bb]\n<h3 style=\"text-align: center;\"><span style=\"color: #6193c9;\" data-darkreader-inline-color=\"\">Bouton pour les dons en bitcoins de plusieurs montants<\/span><\/h3>\n[\/vc_column_text][vc_column_text css=\u00a0\u00bb\u00a0\u00bb]\n<p style=\"text-align: center;\"><div class=\"coinsnap-donation-form-instance coinsnap-bitcoin-donation-form wide-form coinsnap-bitcoin-donation-light-theme\"\n    data-form-id=\"1926\"\n    data-form-type=\"multi_amount\"\n    data-layout=\"WIDE\"\n    data-currency=\"EUR\"\n    data-default-amount=\"5\"\n    data-default-message=\"Thank you for your support!\"\n    data-redirect-url=\"https:\/\/donation.coinsnap.org\/fr\/\"\n    data-snap1=\"50\"\n    data-snap2=\"100\"\n    data-snap3=\"200\">\n    <div id=\"coinsnap-bitcoin-donation-multi-wide-1926\" data-name=\"Donate with Bitcoin\" class=\"light-theme\">\n\n\n        <div class=\"coinsnap-bitcoin-donation-multi-wide-wrapper\">\n            <div class=\"coinsnap-bitcoin-donation-title-wrapper\">\n                <h3>Donate with Bitcoin<\/h3>\n                <select id=\"coinsnap-bitcoin-donation-swap-multi-wide-1926\" class=\"currency-swapper\"><option value=\"EUR\" data-min=\"\" data-rate=\"1520.1241637417\" selected='selected'>EUR<\/option><option value=\"USD\" data-min=\"\" data-rate=\"1298.8294948592\">USD<\/option><option value=\"SATS\" data-min=\"\" data-rate=\"1\">SATS<\/option><option value=\"BTC\" data-min=\"\" data-rate=\"100000000\">BTC<\/option><option value=\"CAD\" data-min=\"\" data-rate=\"948.58840559364\">CAD<\/option><option value=\"JPY\" data-min=\"\" data-rate=\"8.1434332209567\">JPY<\/option><option value=\"GBP\" data-min=\"\" data-rate=\"1754.5829707195\">GBP<\/option><option value=\"CHF\" data-min=\"\" data-rate=\"1644.033801335\">CHF<\/option><option value=\"RUB\" data-min=\"\" data-rate=\"14.431438831769\">RUB<\/option>                <\/select>\n            <\/div>\n\n            <input type=\"hidden\" id=\"coinsnap-bitcoin-donation-email-multi-wide-1926\" name=\"bitcoin-email\" aria-hidden=\"true\">\n\n            <div class=\"coinsnap-bitcoin-donation-wide-up\">\n                <div class=\"mulit-wide-label-left\">\n                    <label for=\"coinsnap-bitcoin-donation-amount-multi-wide-1926\">Amount<\/label>\n                    <div class=\"amount-wrapper\">\n                        <input type=\"text\" id=\"coinsnap-bitcoin-donation-amount-multi-wide-1926\">\n                        <span class=\"donation-amount-currency\" id=\"coinsnap-bitcoin-donation-currency-label-multi-wide-1926\">EUR<\/span>\n                        <div class=\"secondary-amount\">\n                            <span id=\"coinsnap-bitcoin-donation-satoshi-multi-wide-1926\"><\/span>\n                        <\/div>\n                    <\/div>\n                <\/div>\n                <div class=\"mulit-wide-label-right\">\n\n                    <label for=\"coinsnap-bitcoin-donation-message-multi-wide-1926\">Message:<\/label>\n                    <textarea id=\"coinsnap-bitcoin-donation-message-multi-wide-1926\" class=\"coinsnap-bitcoin-donation-message\" rows=\"1\"><\/textarea>\n                <\/div>\n\n            <\/div>\n\n            <div class=\"snap-title-container\">\n                <h4>Choose an amount<\/h4>\n\n            <\/div>\n            <div class=\"snap-container\">\n                <button id=\"coinsnap-bitcoin-donation-pay-multi-snap1-wide-1926\" class=\"snap-button\">\n                    <span id=\"coinsnap-bitcoin-donation-pay-multi-snap1-primary-wide-1926\" class=\"snap-primary-amount\" data-default-value=\"50\">\n                        50 EUR                    <\/span>\n                    <span id=\"coinsnap-bitcoin-donation-pay-multi-snap1-secondary-wide-1926\" class=\"snap-secondary-amount\"><\/span>\n                <\/button>\n                <button id=\"coinsnap-bitcoin-donation-pay-multi-snap2-wide-1926\" class=\"snap-button\">\n                    <span id=\"coinsnap-bitcoin-donation-pay-multi-snap2-primary-wide-1926\" class=\"snap-primary-amount\" data-default-value=\"100\">\n                        100 EUR                    <\/span>\n                    <span id=\"coinsnap-bitcoin-donation-pay-multi-snap2-secondary-wide-1926\" class=\"snap-secondary-amount\"><\/span>\n                <\/button>\n                <button id=\"coinsnap-bitcoin-donation-pay-multi-snap3-wide-1926\" class=\"snap-button\">\n                    <span id=\"coinsnap-bitcoin-donation-pay-multi-snap3-primary-wide-1926\" class=\"snap-primary-amount\" data-default-value=\"200\">\n                        200 EUR                    <\/span>\n                    <span id=\"coinsnap-bitcoin-donation-pay-multi-snap3-secondary-wide-1926\" class=\"snap-secondary-amount\"><\/span>\n                <\/button>\n            <\/div>\n\n            <button class=\"multi-wide-button\" id=\"coinsnap-bitcoin-donation-pay-multi-wide-1926\">Donate<\/button>\n        <\/div>\n        <div id=\"coinsnap-bitcoin-donation-blur-overlay-multi-wide-1926\" class=\"blur-overlay coinsnap-bitcoin-donation\"><\/div>\n        \n<div id=\"coinsnap-bitcoin-donation-qr-container-multi-wide-1926\" class=\"qr-container coinsnap-bitcoin-donation\" data-public-donors=\"\">\n    <div class=\"close-popup\">&times;<\/div>\n    <div id=\"coinsnap-bitcoin-donation-public-donor-popup-multi-wide-1926\" class=\"public-donor-popup\">\n        <form class=\"public-donor-form\">\n            \n            \n            \n            \n            \n            <button type=\"submit\" id=\"coinsnap-bitcoin-donation-public-donors-pay-multi-wide-1926\">Pay with Bitcoin<\/button>\n        <\/form>\n    <\/div>\n    <div id=\"coinsnap-bitcoin-donation-payment-loading-multi-wide-1926\" class=\"payment-loading\">\n        <div class=\"loader qr-spinner\"><\/div>\n    <\/div>\n    <div id=\"coinsnap-bitcoin-donation-thank-you-popup-multi-wide-1926\" class=\"thank-you-popup\">\n        <img decoding=\"async\" class=\"checkmark-img\" alt=\"Checkmark\" src=\"https:\/\/donation.coinsnap.org\/wp-content\/plugins\/coinsnap-bitcoin-donation\/assets\/images\/checkmark.svg\">\n        <h3 style=\"margin: 10px 0 0 0;\">Your payment was successful.<\/h3>\n    <\/div>\n<\/div>\n    <\/div>\n<\/div>\n\n[\/vc_column_text][\/vc_column_inner][\/vc_row_inner][\/vc_column][\/vc_row][vc_row][vc_column][vc_column_text css=\u00a0\u00bb\u00a0\u00bb]Vous avez d\u00e9j\u00e0 vu le bouton Bitcoin Donation dans sa version large. Vous pouvez \u00e9galement utiliser le bouton Bitcoin Donation sous forme de bo\u00eete et l&rsquo;int\u00e9grer ensuite, par exemple, dans le pied de page de votre site WordPress. Allez au pied de page de cette page pour voir \u00e0 quoi cela pourrait ressembler.[\/vc_column_text][\/vc_column][\/vc_row][vc_row css=\u00a0\u00bb.vc_custom_1744889739717{margin-bottom: -70px !important;}\u00a0\u00bb][vc_column][vc_empty_space height=\u00a0\u00bb100px\u00a0\u00bb][vc_column_text css=\u00a0\u00bb\u00a0\u00bb]\n<h3 style=\"text-align: center;\"><span style=\"color: #6193c9;\" data-darkreader-inline-color=\"\">Accepter les dons en Bitcoin avec Coinsnap Bitcoin Donation WordPress Plugin<\/span><\/h3>\n[\/vc_column_text][vc_separator color=\u00a0\u00bbcustom\u00a0\u00bb border_width=\u00a0\u00bb3&Prime; el_width=\u00a0\u00bb30&Prime; css=\u00a0\u00bb.vc_custom_1739376754805{margin-top: -20px !important;}\u00a0\u00bb accent_color=\u00a0\u00bb#F7A70A\u00a0\u00bb][vc_empty_space height=\u00a0\u00bb20px\u00a0\u00bb][vc_row_inner][vc_column_inner width=\u00a0\u00bb1\/3&Prime;][vc_btn title=\u00a0\u00bbDescription : Coinsnap Bitcoin donation\u00a0\u00bb color=\u00a0\u00bbprimary\u00a0\u00bb size=\u00a0\u00bblg\u00a0\u00bb align=\u00a0\u00bbcenter\u00a0\u00bb i_icon_fontawesome=\u00a0\u00bbfa fa-solid fa-circle-info\u00a0\u00bb css=\u00a0\u00bb\u00a0\u00bb button_block=\u00a0\u00bbtrue\u00a0\u00bb add_icon=\u00a0\u00bbtrue\u00a0\u00bb link=\u00a0\u00bburl:https%3A%2F%2Fcoinsnap.io%2Fcoinsnap-bitcoin-donation-plugin%2F|target:_blank|\u00a0\u00bb][\/vc_column_inner][vc_column_inner width=\u00a0\u00bb1\/3&Prime;][vc_btn title=\u00a0\u00bbWordpress : Coinsnap don de bitcoin\u00a0\u00bb color=\u00a0\u00bbprimary\u00a0\u00bb size=\u00a0\u00bblg\u00a0\u00bb align=\u00a0\u00bbcenter\u00a0\u00bb i_icon_fontawesome=\u00a0\u00bbfa fa-brands fa-wordpress-simple\u00a0\u00bb css=\u00a0\u00bb\u00a0\u00bb button_block=\u00a0\u00bbtrue\u00a0\u00bb add_icon=\u00a0\u00bbtrue\u00a0\u00bb link=\u00a0\u00bburl:https%3A%2F%2Fwordpress.org%2Fplugins%2Fcoinsnap-bitcoin-donation%2F|target:_blank|\u00a0\u00bb][\/vc_column_inner][vc_column_inner width=\u00a0\u00bb1\/3&Prime;][vc_btn title=\u00a0\u00bbGuide d&apos;installation \u00e9tape par \u00e9tape\u00a0\u00bb color=\u00a0\u00bbprimary\u00a0\u00bb size=\u00a0\u00bblg\u00a0\u00bb align=\u00a0\u00bbcenter\u00a0\u00bb i_icon_fontawesome=\u00a0\u00bbfa fa-solid fa-screwdriver-wrench\u00a0\u00bb css=\u00a0\u00bb\u00a0\u00bb button_block=\u00a0\u00bbtrue\u00a0\u00bb add_icon=\u00a0\u00bbtrue\u00a0\u00bb link=\u00a0\u00bburl:https%3A%2F%2Fcoinsnap.io%2Fcoinsnap-bitcoin-donation-installation-guide%2F|target:_blank|\u00a0\u00bb][\/vc_column_inner][\/vc_row_inner][vc_empty_space height=\u00a0\u00bb20px\u00a0\u00bb][vc_row_inner][vc_column_inner width=\u00a0\u00bb1\/2&Prime;][vc_btn title=\u00a0\u00bbInscrivez-vous maintenant \u00e0 Coinsnap !\u00a0\u00bb color=\u00a0\u00bbwarning\u00a0\u00bb size=\u00a0\u00bblg\u00a0\u00bb align=\u00a0\u00bbright\u00a0\u00bb i_icon_fontawesome=\u00a0\u00bb\u00a0\u00bb css=\u00a0\u00bb\u00a0\u00bb add_icon=\u00a0\u00bbtrue\u00a0\u00bb link=\u00a0\u00bburl:https%3A%2F%2Fapp.coinsnap.io%2Fregister|target:_blank|\u00a0\u00bb][\/vc_column_inner][vc_column_inner width=\u00a0\u00bb1\/2&Prime;][vc_btn title=\u00a0\u00bbPrenez rendez-vous pour une consultation !\u00a0\u00bb color=\u00a0\u00bbwarning\u00a0\u00bb size=\u00a0\u00bblg\u00a0\u00bb align=\u00a0\u00bbleft\u00a0\u00bb i_icon_fontawesome=\u00a0\u00bb\u00a0\u00bb css=\u00a0\u00bb\u00a0\u00bb add_icon=\u00a0\u00bbtrue\u00a0\u00bb link=\u00a0\u00bburl:https%3A%2F%2Fmeetings-eu1.hubspot.com%2Fcoinsnap|target:_blank|\u00a0\u00bb][\/vc_column_inner][\/vc_row_inner][vc_empty_space height=\u00a0\u00bb100px\u00a0\u00bb][\/vc_column][\/vc_row]\n<\/div>","protected":false},"excerpt":{"rendered":"<p>[vc_row full_width=\u00a0\u00bbstretch_row\u00a0\u00bb fullwidth=\u00a0\u00bbyes\u00a0\u00bb background_color=\u00a0\u00bb#6393c7&Prime; css=\u00a0\u00bb.vc_custom_1713527353394{margin-top: -50px !important;}\u00a0\u00bb][vc_column][vc_empty_space height=\u00a0\u00bb50&Prime;][vc_column_text css=\u00a0\u00bb\u00a0\u00bb] Site de d\u00e9monstration : essayer le don de bitcoins en direct [&hellip;]<\/p>\n","protected":false},"author":1,"featured_media":0,"parent":0,"menu_order":0,"comment_status":"closed","ping_status":"closed","template":"","meta":{"footnotes":""},"class_list":["post-1892","page","type-page","status-publish","hentry"],"_links":{"self":[{"href":"https:\/\/donation.coinsnap.org\/fr\/wp-json\/wp\/v2\/pages\/1892","targetHints":{"allow":["GET"]}}],"collection":[{"href":"https:\/\/donation.coinsnap.org\/fr\/wp-json\/wp\/v2\/pages"}],"about":[{"href":"https:\/\/donation.coinsnap.org\/fr\/wp-json\/wp\/v2\/types\/page"}],"author":[{"embeddable":true,"href":"https:\/\/donation.coinsnap.org\/fr\/wp-json\/wp\/v2\/users\/1"}],"replies":[{"embeddable":true,"href":"https:\/\/donation.coinsnap.org\/fr\/wp-json\/wp\/v2\/comments?post=1892"}],"version-history":[{"count":2,"href":"https:\/\/donation.coinsnap.org\/fr\/wp-json\/wp\/v2\/pages\/1892\/revisions"}],"predecessor-version":[{"id":1901,"href":"https:\/\/donation.coinsnap.org\/fr\/wp-json\/wp\/v2\/pages\/1892\/revisions\/1901"}],"wp:attachment":[{"href":"https:\/\/donation.coinsnap.org\/fr\/wp-json\/wp\/v2\/media?parent=1892"}],"curies":[{"name":"wp","href":"https:\/\/api.w.org\/{rel}","templated":true}]}}